{"id":1005,"date":"2025-04-06T23:15:11","date_gmt":"2025-04-06T23:15:11","guid":{"rendered":"https:\/\/www.e-foamcut.com\/?post_type=product&#038;p=1005"},"modified":"2025-04-14T21:32:52","modified_gmt":"2025-04-14T21:32:52","slug":"silueta-barbat-si-femeie-dc0066","status":"publish","type":"product","link":"http:\/\/www.e-foamcut.com\/index.php\/produs\/silueta-barbat-si-femeie-dc0066\/","title":{"rendered":"Just Married-DC0066"},"content":{"rendered":"<p><strong>Se poate executa la comand\u0103 aranjat cu\u00a0 ghirlanda de flori si lumin\u0103 led, pre\u021bul va fi in func\u021bie de op\u021biuni.<\/strong><\/p>\n<p><strong>Pre\u021bul afi\u0219at este pentru dimensiunea standard (160cmx140cm) si far\u0103 alte op\u021biuni!<\/strong><\/p>\n<p>Element decorativ fabricat din polistiren de calitate superioar\u0103, creat pentru a ad\u0103uga stil \u0219i elegan\u021b\u0103 oric\u0103rui spa\u021biu. Disponibil \u00een diferite forme, dimensiuni \u0219i grosimi, acest produs se remarc\u0103 prin versatilitate \u0219i u\u0219urin\u021ba prelucr\u0103rii. Perfect pentru design interior \u0219i exterior, polistirenul ofer\u0103 o combina\u021bie ideal\u0103 \u00eentre estetic\u0103 \u0219i func\u021bionalitate. Cu un finisaj impecabil, aceste elemente sunt solu\u021bia ideal\u0103 pentru personalizarea \u0219i transformarea locuin\u021bei sau a spa\u021biului comercial \u00eentr-un mod simplu, dar sofisticat. Pre\u021bul variaz\u0103 \u00een func\u021bie de grosime, dimensiune \u0219i densitate, pentru a se adapta perfect nevoilor tale.<\/p>\n","protected":false},"excerpt":{"rendered":"<p>Se poate executa la comand\u0103 aranjat cu\u00a0 ghirlanda de flori si lumin\u0103 led, pre\u021bul va fi in func\u021bie de op\u021biuni. Pre\u021bul afi\u0219at este pentru dimensiunea standard (160cmx140cm) si far\u0103 alte op\u021biuni! Element decorativ fabricat din polistiren de calitate superioar\u0103, creat pentru a ad\u0103uga stil \u0219i elegan\u021b\u0103 oric\u0103rui spa\u021biu. Disponibil \u00een diferite forme, dimensiuni \u0219i grosimi, [&hellip;]<\/p>\n","protected":false},"featured_media":1180,"comment_status":"open","ping_status":"closed","template":"","meta":[],"product_brand":[],"product_cat":[55],"product_tag":[38,34,35,37],"class_list":{"0":"post-1005","1":"product","2":"type-product","3":"status-publish","4":"has-post-thumbnail","6":"product_cat-onomastica","7":"product_tag-decupaje-gradinita","8":"product_tag-decoratiuni","9":"product_tag-decoratiune","10":"product_tag-decupaje-polistiren","12":"first","13":"instock","14":"shipping-taxable","15":"purchasable","16":"product-type-simple"},"_links":{"self":[{"href":"http:\/\/www.e-foamcut.com\/index.php\/wp-json\/wp\/v2\/product\/1005","targetHints":{"allow":["GET"]}}],"collection":[{"href":"http:\/\/www.e-foamcut.com\/index.php\/wp-json\/wp\/v2\/product"}],"about":[{"href":"http:\/\/www.e-foamcut.com\/index.php\/wp-json\/wp\/v2\/types\/product"}],"replies":[{"embeddable":true,"href":"http:\/\/www.e-foamcut.com\/index.php\/wp-json\/wp\/v2\/comments?post=1005"}],"wp:featuredmedia":[{"embeddable":true,"href":"http:\/\/www.e-foamcut.com\/index.php\/wp-json\/wp\/v2\/media\/1180"}],"wp:attachment":[{"href":"http:\/\/www.e-foamcut.com\/index.php\/wp-json\/wp\/v2\/media?parent=1005"}],"wp:term":[{"taxonomy":"product_brand","embeddable":true,"href":"http:\/\/www.e-foamcut.com\/index.php\/wp-json\/wp\/v2\/product_brand?post=1005"},{"taxonomy":"product_cat","embeddable":true,"href":"http:\/\/www.e-foamcut.com\/index.php\/wp-json\/wp\/v2\/product_cat?post=1005"},{"taxonomy":"product_tag","embeddable":true,"href":"http:\/\/www.e-foamcut.com\/index.php\/wp-json\/wp\/v2\/product_tag?post=1005"}],"curies":[{"name":"wp","href":"https:\/\/api.w.org\/{rel}","templated":true}]}}