{"id":487,"date":"2025-03-19T00:54:20","date_gmt":"2025-03-19T00:54:20","guid":{"rendered":"https:\/\/www.e-foamcut.com\/?post_type=product&#038;p=487"},"modified":"2025-04-05T10:38:56","modified_gmt":"2025-04-05T10:38:56","slug":"dc0018","status":"publish","type":"product","link":"http:\/\/www.e-foamcut.com\/index.php\/produs\/dc0018\/","title":{"rendered":"Blazon\/scut-DC0018"},"content":{"rendered":"<p><strong>Executat din extrudat de 300mm \/ densitate 300.<\/strong><\/p>\n<p><strong>Se poate executa la comanda orice marime si grosime din polistiren extrudat sau expandat.<\/strong><\/p>\n<p>Element decorativ fabricat din polistiren de calitate superioar\u0103, creat pentru a ad\u0103uga stil \u0219i elegan\u021b\u0103 oric\u0103rui spa\u021biu. Disponibil \u00een diferite forme, dimensiuni \u0219i grosimi, acest produs se remarc\u0103 prin versatilitate \u0219i u\u0219urin\u021ba prelucr\u0103rii. Perfect pentru design interior \u0219i exterior, polistirenul ofer\u0103 o combina\u021bie ideal\u0103 \u00eentre estetic\u0103 \u0219i func\u021bionalitate. Cu un finisaj impecabil, aceste elemente sunt solu\u021bia ideal\u0103 pentru personalizarea \u0219i transformarea locuin\u021bei sau a spa\u021biului comercial \u00eentr-un mod simplu, dar sofisticat. Pre\u021bul variaz\u0103 \u00een func\u021bie de grosime, dimensiune \u0219i densitate, pentru a se adapta perfect nevoilor tale.<\/p>\n","protected":false},"excerpt":{"rendered":"<p>Executat din extrudat de 300mm \/ densitate 300. Se poate executa la comanda orice marime si grosime din polistiren extrudat sau expandat. Element decorativ fabricat din polistiren de calitate superioar\u0103, creat pentru a ad\u0103uga stil \u0219i elegan\u021b\u0103 oric\u0103rui spa\u021biu. Disponibil \u00een diferite forme, dimensiuni \u0219i grosimi, acest produs se remarc\u0103 prin versatilitate \u0219i u\u0219urin\u021ba prelucr\u0103rii. [&hellip;]<\/p>\n","protected":false},"featured_media":488,"comment_status":"open","ping_status":"closed","template":"","meta":[],"product_brand":[],"product_cat":[18],"product_tag":[34,35,37,51],"class_list":{"0":"post-487","1":"product","2":"type-product","3":"status-publish","4":"has-post-thumbnail","6":"product_cat-art-deco","7":"product_tag-decoratiuni","8":"product_tag-decoratiune","9":"product_tag-decupaje-polistiren","10":"product_tag-art-deco","12":"first","13":"instock","14":"shipping-taxable","15":"purchasable","16":"product-type-simple"},"_links":{"self":[{"href":"http:\/\/www.e-foamcut.com\/index.php\/wp-json\/wp\/v2\/product\/487","targetHints":{"allow":["GET"]}}],"collection":[{"href":"http:\/\/www.e-foamcut.com\/index.php\/wp-json\/wp\/v2\/product"}],"about":[{"href":"http:\/\/www.e-foamcut.com\/index.php\/wp-json\/wp\/v2\/types\/product"}],"replies":[{"embeddable":true,"href":"http:\/\/www.e-foamcut.com\/index.php\/wp-json\/wp\/v2\/comments?post=487"}],"wp:featuredmedia":[{"embeddable":true,"href":"http:\/\/www.e-foamcut.com\/index.php\/wp-json\/wp\/v2\/media\/488"}],"wp:attachment":[{"href":"http:\/\/www.e-foamcut.com\/index.php\/wp-json\/wp\/v2\/media?parent=487"}],"wp:term":[{"taxonomy":"product_brand","embeddable":true,"href":"http:\/\/www.e-foamcut.com\/index.php\/wp-json\/wp\/v2\/product_brand?post=487"},{"taxonomy":"product_cat","embeddable":true,"href":"http:\/\/www.e-foamcut.com\/index.php\/wp-json\/wp\/v2\/product_cat?post=487"},{"taxonomy":"product_tag","embeddable":true,"href":"http:\/\/www.e-foamcut.com\/index.php\/wp-json\/wp\/v2\/product_tag?post=487"}],"curies":[{"name":"wp","href":"https:\/\/api.w.org\/{rel}","templated":true}]}}