{"id":622,"date":"2025-03-26T20:57:22","date_gmt":"2025-03-26T20:57:22","guid":{"rendered":"https:\/\/www.e-foamcut.com\/?post_type=product&#038;p=622"},"modified":"2025-04-05T21:55:45","modified_gmt":"2025-04-05T21:55:45","slug":"dc0022","status":"publish","type":"product","link":"http:\/\/www.e-foamcut.com\/index.php\/produs\/dc0022\/","title":{"rendered":"Iepure-DC0022"},"content":{"rendered":"<p><strong>Se poate executa la comanda orice marime si grosime din polistiren extrudat sau expandat.<\/strong><\/p>\n<p>Element decorativ fabricat din polistiren de calitate superioar\u0103, creat pentru a ad\u0103uga stil \u0219i elegan\u021b\u0103 oric\u0103rui spa\u021biu. Disponibil \u00een diferite forme, dimensiuni \u0219i grosimi, acest produs se remarc\u0103 prin versatilitate \u0219i u\u0219urin\u021ba prelucr\u0103rii. Perfect pentru design interior \u0219i exterior, polistirenul ofer\u0103 o combina\u021bie ideal\u0103 \u00eentre estetic\u0103 \u0219i func\u021bionalitate. Cu un finisaj impecabil, aceste elemente sunt solu\u021bia ideal\u0103 pentru personalizarea \u0219i transformarea locuin\u021bei sau a spa\u021biului comercial \u00eentr-un mod simplu, dar sofisticat. Pre\u021bul variaz\u0103 \u00een func\u021bie de grosime, dimensiune \u0219i densitate, pentru a se adapta perfect nevoilor tale.<\/p>\n","protected":false},"excerpt":{"rendered":"<p>Se poate executa la comanda orice marime si grosime din polistiren extrudat sau expandat. Element decorativ fabricat din polistiren de calitate superioar\u0103, creat pentru a ad\u0103uga stil \u0219i elegan\u021b\u0103 oric\u0103rui spa\u021biu. Disponibil \u00een diferite forme, dimensiuni \u0219i grosimi, acest produs se remarc\u0103 prin versatilitate \u0219i u\u0219urin\u021ba prelucr\u0103rii. Perfect pentru design interior \u0219i exterior, polistirenul ofer\u0103 [&hellip;]<\/p>\n","protected":false},"featured_media":626,"comment_status":"open","ping_status":"closed","template":"","meta":[],"product_brand":[],"product_cat":[20,23,36],"product_tag":[34,35,37,38],"class_list":{"0":"post-622","1":"product","2":"type-product","3":"status-publish","4":"has-post-thumbnail","6":"product_cat-paste","7":"product_cat-gradinita","8":"product_cat-iepuri","9":"product_tag-decoratiuni","10":"product_tag-decoratiune","11":"product_tag-decupaje-polistiren","12":"product_tag-decupaje-gradinita","14":"first","15":"instock","16":"shipping-taxable","17":"purchasable","18":"product-type-simple"},"_links":{"self":[{"href":"http:\/\/www.e-foamcut.com\/index.php\/wp-json\/wp\/v2\/product\/622","targetHints":{"allow":["GET"]}}],"collection":[{"href":"http:\/\/www.e-foamcut.com\/index.php\/wp-json\/wp\/v2\/product"}],"about":[{"href":"http:\/\/www.e-foamcut.com\/index.php\/wp-json\/wp\/v2\/types\/product"}],"replies":[{"embeddable":true,"href":"http:\/\/www.e-foamcut.com\/index.php\/wp-json\/wp\/v2\/comments?post=622"}],"wp:featuredmedia":[{"embeddable":true,"href":"http:\/\/www.e-foamcut.com\/index.php\/wp-json\/wp\/v2\/media\/626"}],"wp:attachment":[{"href":"http:\/\/www.e-foamcut.com\/index.php\/wp-json\/wp\/v2\/media?parent=622"}],"wp:term":[{"taxonomy":"product_brand","embeddable":true,"href":"http:\/\/www.e-foamcut.com\/index.php\/wp-json\/wp\/v2\/product_brand?post=622"},{"taxonomy":"product_cat","embeddable":true,"href":"http:\/\/www.e-foamcut.com\/index.php\/wp-json\/wp\/v2\/product_cat?post=622"},{"taxonomy":"product_tag","embeddable":true,"href":"http:\/\/www.e-foamcut.com\/index.php\/wp-json\/wp\/v2\/product_tag?post=622"}],"curies":[{"name":"wp","href":"https:\/\/api.w.org\/{rel}","templated":true}]}}